{"id":24,"date":"2026-05-10T13:09:38","date_gmt":"2026-05-10T13:09:38","guid":{"rendered":"https:\/\/www.sensuswlesie.pl\/sensuswlesie\/?page_id=24"},"modified":"2026-05-10T13:28:07","modified_gmt":"2026-05-10T13:28:07","slug":"24-2","status":"publish","type":"page","link":"https:\/\/www.sensuswlesie.pl\/sensuswlesie\/index.php\/24-2\/","title":{"rendered":"Logos &amp; Praxis"},"content":{"rendered":"\n<div class=\"wp-block-group alignfull has-global-padding is-layout-constrained wp-container-core-group-is-layout-0c9c989a wp-block-group-is-layout-constrained\" style=\"min-height:0vh;margin-top:0;margin-bottom:0;padding-top:var(--wp--preset--spacing--70);padding-right:var(--wp--preset--spacing--40);padding-bottom:var(--wp--preset--spacing--70);padding-left:var(--wp--preset--spacing--40)\">\n<div class=\"wp-block-group has-global-padding is-layout-constrained wp-container-core-group-is-layout-346627ba wp-block-group-is-layout-constrained\">\n<h2 class=\"wp-block-heading has-text-align-center has-xx-large-font-size\" style=\"margin-right:0;margin-left:0;padding-right:0;padding-left:0\">O mnie<\/h2>\n\n\n\n<p class=\"has-text-align-center\">Nazywam si\u0119 Piotr Mazur. Jestem nauczycielem akademickim i trenerem kompetencji mi\u0119kkich, dla kt\u00f3rego rozw\u00f3j cz\u0142owieka jest pasj\u0105 od ponad trzech dekad. W mojej pracy \u0142\u0105cz\u0119 profesjonalizm akademicki z empati\u0105 mediatora i logoterapeuty .<\/p>\n\n\n\n<div class=\"wp-block-buttons is-content-justification-center is-layout-flex wp-container-core-buttons-is-layout-a89b3969 wp-block-buttons-is-layout-flex\">\n<div class=\"wp-block-button\"><a class=\"wp-block-button__link wp-element-button\" href=\"https:\/\/psmazur.pl\/\">Wi\u0119cej o mnie<\/a><\/div>\n<\/div>\n<\/div>\n<\/div>\n\n\n\n<div class=\"wp-block-group alignfull is-style-section-1 has-global-padding is-layout-constrained wp-block-group-is-layout-constrained is-style-section-1--1\" style=\"margin-top:0;margin-bottom:0;padding-top:var(--wp--preset--spacing--80);padding-bottom:var(--wp--preset--spacing--80)\">\n<div class=\"wp-block-columns alignwide is-layout-flex wp-container-core-columns-is-layout-66fad18a wp-block-columns-is-layout-flex\">\n<div class=\"wp-block-column is-layout-flow wp-block-column-is-layout-flow\" style=\"padding-right:var(--wp--preset--spacing--50);flex-basis:45%\">\n<div class=\"wp-block-group has-global-padding is-layout-constrained wp-block-group-is-layout-constrained\" style=\"margin-top:-12vw\"><\/div>\n\n\n\n<figure class=\"wp-block-image size-full\"><img loading=\"lazy\" decoding=\"async\" width=\"2127\" height=\"2560\" src=\"https:\/\/www.sensuswlesie.pl\/sensuswlesie\/wp-content\/uploads\/2026\/05\/Piotr-Mazur-2-scaled.jpg\" alt=\"\" class=\"wp-image-30\" srcset=\"https:\/\/www.sensuswlesie.pl\/sensuswlesie\/wp-content\/uploads\/2026\/05\/Piotr-Mazur-2-scaled.jpg 2127w, https:\/\/www.sensuswlesie.pl\/sensuswlesie\/wp-content\/uploads\/2026\/05\/Piotr-Mazur-2-249x300.jpg 249w, https:\/\/www.sensuswlesie.pl\/sensuswlesie\/wp-content\/uploads\/2026\/05\/Piotr-Mazur-2-851x1024.jpg 851w, https:\/\/www.sensuswlesie.pl\/sensuswlesie\/wp-content\/uploads\/2026\/05\/Piotr-Mazur-2-768x924.jpg 768w, https:\/\/www.sensuswlesie.pl\/sensuswlesie\/wp-content\/uploads\/2026\/05\/Piotr-Mazur-2-1276x1536.jpg 1276w, https:\/\/www.sensuswlesie.pl\/sensuswlesie\/wp-content\/uploads\/2026\/05\/Piotr-Mazur-2-1701x2048.jpg 1701w\" sizes=\"auto, (max-width: 2127px) 100vw, 2127px\" \/><\/figure>\n<\/div>\n\n\n\n<div class=\"wp-block-column is-vertically-aligned-center is-layout-flow wp-block-column-is-layout-flow\" style=\"padding-right:0;padding-left:0;flex-basis:50%\">\n<div class=\"wp-block-group is-vertical is-layout-flex wp-container-core-group-is-layout-fe9cc265 wp-block-group-is-layout-flex\">\n<h2 class=\"wp-block-heading is-style-text-annotation is-style-text-annotation--2\"><strong>Moja misja<\/strong><\/h2>\n<\/div>\n\n\n\n<p class=\"is-style-text-subtitle is-style-text-subtitle--3\">.<\/p>\n\n\n\n<p class=\"is-style-text-subtitle is-style-text-subtitle--4\">&#8211;<\/p>\n\n\n\n<p>&#8211;<\/p>\n\n\n\n<p>Moim celem jest by\u0107 <strong>intelektualnym partnerem<\/strong>, kt\u00f3ry pomaga liderom budowa\u0107 odporno\u015b\u0107 psychiczn\u0105, a zespo\u0142om \u2013 rozwi\u0105zywa\u0107 realne problemy w atmosferze zaufania. Zapraszam Ci\u0119 do miejsca, gdzie wiedza staje si\u0119 dzia\u0142aniem.<\/p>\n<\/div>\n<\/div>\n<\/div>\n\n\n\n<div class=\"wp-block-group alignfull has-global-padding is-layout-constrained wp-container-core-group-is-layout-ebee8dc1 wp-block-group-is-layout-constrained\" style=\"margin-top:0;margin-bottom:0;padding-top:var(--wp--preset--spacing--50);padding-bottom:var(--wp--preset--spacing--50)\">\n<h2 class=\"wp-block-heading alignwide\">Our services<\/h2>\n\n\n\n<div class=\"wp-block-columns alignwide is-layout-flex wp-container-core-columns-is-layout-28f84493 wp-block-columns-is-layout-flex\">\n<div class=\"wp-block-column is-layout-flow wp-block-column-is-layout-flow\">\n<figure class=\"wp-block-image size-full\" style=\"margin-bottom:24px\"><img decoding=\"async\" src=\"https:\/\/www.sensuswlesie.pl\/sensuswlesie\/wp-content\/themes\/twentytwentyfive\/assets\/images\/campanula-alliariifolia-flower.webp\" alt=\"Image for service\" style=\"aspect-ratio:4\/3;object-fit:cover\"\/><\/figure>\n\n\n\n<h3 class=\"wp-block-heading\">Collect<\/h3>\n\n\n\n<p class=\"has-medium-font-size\">Like flowers that bloom in unexpected places, every story unfolds with beauty and resilience<\/p>\n<\/div>\n\n\n\n<div class=\"wp-block-column is-layout-flow wp-block-column-is-layout-flow\">\n<figure class=\"wp-block-image size-full\" style=\"margin-bottom:24px\"><img decoding=\"async\" src=\"https:\/\/www.sensuswlesie.pl\/sensuswlesie\/wp-content\/themes\/twentytwentyfive\/assets\/images\/delphinium-flowers.webp\" alt=\"Image for service\" style=\"aspect-ratio:4\/3;object-fit:cover\"\/><\/figure>\n\n\n\n<h3 class=\"wp-block-heading\">Assemble<\/h3>\n\n\n\n<p class=\"has-medium-font-size\">Like flowers that bloom in unexpected places, every story unfolds with beauty and resilience<\/p>\n<\/div>\n\n\n\n<div class=\"wp-block-column is-layout-flow wp-block-column-is-layout-flow\">\n<figure class=\"wp-block-image size-full\" style=\"margin-bottom:24px\"><img decoding=\"async\" src=\"https:\/\/www.sensuswlesie.pl\/sensuswlesie\/wp-content\/themes\/twentytwentyfive\/assets\/images\/star-thristle-flower.webp\" alt=\"Image for service\" style=\"aspect-ratio:4\/3;object-fit:cover\"\/><\/figure>\n\n\n\n<h3 class=\"wp-block-heading\">Deliver<\/h3>\n\n\n\n<p class=\"has-medium-font-size\">Like flowers that bloom in unexpected places, every story unfolds with beauty and resilience<\/p>\n<\/div>\n<\/div>\n<\/div>\n\n\n\n<div class=\"wp-block-group alignfull has-global-padding is-layout-constrained wp-block-group-is-layout-constrained\" style=\"margin-top:0;margin-bottom:0;padding-top:var(--wp--preset--spacing--60);padding-bottom:var(--wp--preset--spacing--60)\">\n<div class=\"wp-block-columns alignwide is-layout-flex wp-container-core-columns-is-layout-74b2cda3 wp-block-columns-is-layout-flex\">\n<div class=\"wp-block-column is-layout-flow wp-block-column-is-layout-flow\">\n<div class=\"wp-block-group is-vertical is-content-justification-left is-layout-flex wp-container-core-group-is-layout-7ce391b6 wp-block-group-is-layout-flex\" style=\"min-height:100%\">\n<h2 class=\"wp-block-heading is-style-text-annotation has-x-small-font-size is-style-text-annotation--5\">What people are saying<\/h2>\n\n\n\n<blockquote class=\"wp-block-quote is-style-plain has-x-large-font-size is-layout-flow wp-container-core-quote-is-layout-5dafc681 wp-block-quote-is-layout-flow is-style-plain--6\" style=\"font-style:normal;font-weight:400\">\n<div class=\"wp-block-group has-global-padding is-content-justification-left is-layout-constrained wp-container-core-group-is-layout-085bd3d9 wp-block-group-is-layout-constrained\" style=\"margin-top:0;margin-bottom:0;padding-top:0;padding-right:0;padding-bottom:0;padding-left:0\">\n<p class=\"has-xx-large-font-size\">\u201cSuperb product and customer service!\u201d<\/p>\n<\/div>\n<cite>Jo Mulligan <br><sub>Atlanta, GA<\/sub><\/cite><\/blockquote>\n<\/div>\n<\/div>\n\n\n\n<div class=\"wp-block-column is-layout-flow wp-block-column-is-layout-flow\" style=\"padding-top:0;padding-right:0;padding-bottom:0;padding-left:0\">\n<figure class=\"wp-block-image size-large\"><img decoding=\"async\" src=\"https:\/\/www.sensuswlesie.pl\/sensuswlesie\/wp-content\/themes\/twentytwentyfive\/assets\/images\/typewriter.webp\" alt=\"Picture of a person typing on a typewriter.\" style=\"aspect-ratio:1;object-fit:cover\"\/><\/figure>\n<\/div>\n<\/div>\n<\/div>\n\n\n\n<div class=\"wp-block-group alignfull has-global-padding is-layout-constrained wp-block-group-is-layout-constrained\" style=\"margin-top:0;margin-bottom:0;padding-top:var(--wp--preset--spacing--60);padding-bottom:var(--wp--preset--spacing--60)\">\n<h2 class=\"wp-block-heading alignwide has-text-align-center\">Pricing<\/h2>\n\n\n\n<p class=\"has-text-align-center\">Cancel or pause anytime.<\/p>\n\n\n\n<div style=\"height:var(--wp--preset--spacing--40)\" aria-hidden=\"true\" class=\"wp-block-spacer\"><\/div>\n\n\n\n<div class=\"wp-block-columns alignwide is-layout-flex wp-container-core-columns-is-layout-1d9f35bd wp-block-columns-is-layout-flex\">\n<div class=\"wp-block-column has-border-color is-layout-flow wp-block-column-is-layout-flow\" style=\"border-color:var(--wp--preset--color--accent-6);border-width:1px;border-radius:10px;padding-top:var(--wp--preset--spacing--50);padding-right:var(--wp--preset--spacing--50);padding-bottom:var(--wp--preset--spacing--50);padding-left:var(--wp--preset--spacing--50)\">\n<h3 class=\"wp-block-heading\" id=\"free\">Free<\/h3>\n\n\n\n<p class=\"has-large-font-size\">0\u20ac<\/p>\n\n\n\n<ul style=\"padding-bottom:var(--wp--preset--spacing--20);padding-left:var(--wp--preset--spacing--20)\" class=\"wp-block-list is-style-checkmark-list has-small-font-size\">\n<li>Get access to our paid articles and weekly newsletter.<\/li>\n\n\n\n<li>Join our IRL events.<\/li>\n\n\n\n<li>Get a free tote bag.<\/li>\n\n\n\n<li>An elegant addition of home decor collection.<\/li>\n\n\n\n<li>Join our forums.<\/li>\n<\/ul>\n\n\n\n<div class=\"wp-block-buttons is-content-justification-center is-layout-flex wp-container-core-buttons-is-layout-a89b3969 wp-block-buttons-is-layout-flex\">\n<div class=\"wp-block-button has-custom-width wp-block-button__width-100\"><a class=\"wp-block-button__link wp-element-button\">Join<\/a><\/div>\n<\/div>\n<\/div>\n\n\n\n<div class=\"wp-block-column has-border-color is-layout-flow wp-block-column-is-layout-flow\" style=\"border-color:var(--wp--preset--color--accent-6);border-width:1px;border-radius:10px;padding-top:var(--wp--preset--spacing--50);padding-right:var(--wp--preset--spacing--50);padding-bottom:var(--wp--preset--spacing--50);padding-left:var(--wp--preset--spacing--50)\">\n<h3 class=\"wp-block-heading\" id=\"single\">Single<\/h3>\n\n\n\n<p class=\"has-large-font-size\">20\u20ac\/month<\/p>\n\n\n\n<ul style=\"padding-bottom:var(--wp--preset--spacing--20);padding-left:var(--wp--preset--spacing--20)\" class=\"wp-block-list is-style-checkmark-list has-small-font-size\">\n<li>Get access to our paid articles and weekly newsletter.<\/li>\n\n\n\n<li>Join our IRL events.<\/li>\n\n\n\n<li>Get a free tote bag.<\/li>\n\n\n\n<li>An elegant addition of home decor collection.<\/li>\n\n\n\n<li>Join our forums.<\/li>\n<\/ul>\n\n\n\n<div class=\"wp-block-buttons is-content-justification-center is-layout-flex wp-container-core-buttons-is-layout-a89b3969 wp-block-buttons-is-layout-flex\">\n<div class=\"wp-block-button has-custom-width wp-block-button__width-100\"><a class=\"wp-block-button__link wp-element-button\">Join<\/a><\/div>\n<\/div>\n<\/div>\n<\/div>\n<\/div>\n\n\n\n<aside class=\"wp-block-group alignfull is-style-section-3 has-global-padding is-layout-constrained wp-container-core-group-is-layout-f0f2a97b wp-block-group-is-layout-constrained is-style-section-3--7\" style=\"margin-top:0;margin-bottom:0;padding-top:var(--wp--preset--spacing--50);padding-right:var(--wp--preset--spacing--50);padding-bottom:var(--wp--preset--spacing--50);padding-left:var(--wp--preset--spacing--50)\">\n<div class=\"wp-block-group is-vertical is-content-justification-center is-layout-flex wp-container-core-group-is-layout-8778ca4a wp-block-group-is-layout-flex\" style=\"min-height:360px;margin-top:0;margin-bottom:0\">\n<h2 class=\"wp-block-heading has-text-align-center has-xx-large-font-size\">Sign up to get daily stories<\/h2>\n\n\n\n<p class=\"has-text-align-center is-style-text-subtitle is-style-text-subtitle--8\">Get access to a curated collection of moments in time featuring photographs from historical relevance.<\/p>\n\n\n\n<div style=\"height:0px\" aria-hidden=\"true\" class=\"wp-block-spacer wp-container-content-62aae154\"><\/div>\n\n\n\n<div class=\"wp-block-buttons is-content-justification-center is-layout-flex wp-container-core-buttons-is-layout-a89b3969 wp-block-buttons-is-layout-flex\">\n<div class=\"wp-block-button\"><a class=\"wp-block-button__link has-text-align-center wp-element-button\">Subscribe<\/a><\/div>\n<\/div>\n<\/div>\n<\/aside>\n","protected":false},"excerpt":{"rendered":"<p>O mnie Nazywam si\u0119 Piotr Mazur. Jestem nauczycielem akademickim i trenerem kompetencji mi\u0119kkich, dla kt\u00f3rego rozw\u00f3j cz\u0142owieka jest pasj\u0105 od ponad trzech dekad. W mojej pracy \u0142\u0105cz\u0119 profesjonalizm akademicki z empati\u0105 mediatora i logoterapeuty . Moja misja . &#8211; &#8211; Moim celem jest by\u0107 intelektualnym partnerem, kt\u00f3ry pomaga liderom budowa\u0107 odporno\u015b\u0107 psychiczn\u0105, a zespo\u0142om \u2013 [&hellip;]<\/p>\n","protected":false},"author":1,"featured_media":0,"parent":0,"menu_order":0,"comment_status":"closed","ping_status":"closed","template":"","meta":{"footnotes":""},"class_list":["post-24","page","type-page","status-publish","hentry"],"_links":{"self":[{"href":"https:\/\/www.sensuswlesie.pl\/sensuswlesie\/index.php\/wp-json\/wp\/v2\/pages\/24","targetHints":{"allow":["GET"]}}],"collection":[{"href":"https:\/\/www.sensuswlesie.pl\/sensuswlesie\/index.php\/wp-json\/wp\/v2\/pages"}],"about":[{"href":"https:\/\/www.sensuswlesie.pl\/sensuswlesie\/index.php\/wp-json\/wp\/v2\/types\/page"}],"author":[{"embeddable":true,"href":"https:\/\/www.sensuswlesie.pl\/sensuswlesie\/index.php\/wp-json\/wp\/v2\/users\/1"}],"replies":[{"embeddable":true,"href":"https:\/\/www.sensuswlesie.pl\/sensuswlesie\/index.php\/wp-json\/wp\/v2\/comments?post=24"}],"version-history":[{"count":7,"href":"https:\/\/www.sensuswlesie.pl\/sensuswlesie\/index.php\/wp-json\/wp\/v2\/pages\/24\/revisions"}],"predecessor-version":[{"id":34,"href":"https:\/\/www.sensuswlesie.pl\/sensuswlesie\/index.php\/wp-json\/wp\/v2\/pages\/24\/revisions\/34"}],"wp:attachment":[{"href":"https:\/\/www.sensuswlesie.pl\/sensuswlesie\/index.php\/wp-json\/wp\/v2\/media?parent=24"}],"curies":[{"name":"wp","href":"https:\/\/api.w.org\/{rel}","templated":true}]}}